{"id":10821,"date":"2025-05-22T08:57:56","date_gmt":"2025-05-22T08:57:56","guid":{"rendered":"https:\/\/gruppotrizio.it\/?page_id=10821"},"modified":"2025-05-22T10:27:01","modified_gmt":"2025-05-22T10:27:01","slug":"bonifica-reputazionale-online","status":"publish","type":"page","link":"https:\/\/gruppotrizio.it\/index.php\/bonifica-reputazionale-online\/","title":{"rendered":"Bonifica reputazione"},"content":{"rendered":"<div  data-label=\"Overlappable\" data-id=\"overlappable--1\" data-export-id=\"overlappable-1\" data-category=\"overlappable\" class=\"overlappable-1 content-section content-section-spacing\" data-overlap=\"true\" id=\"overlappable-1\" style=\"background-color: rgb(255, 255, 255);\"><div  class=\"gridContainer\"> <div  data-type=\"row\" class=\"row shadow-medium\"><div  data-type=\"column\" class=\"col-xs-12 col-sm-4 flexcol bg-color-white col-padding col-padding-small-xs\"> <i  class=\"fa icon fa-forumbee color2\"><\/i> <h5  class=\"\">WEB REPUTATION<\/h5> <p  class=\"\"><span style=\"font-weight: 400;\" >In un mercato fatto di conversazioni, il valore immateriale pi\u00f9 importante per ogni azienda o professionista \u00e8 l\u2019immagine digitale.<\/span><\/p> <\/div> <div  data-type=\"column\" class=\"col-xs-12 col-sm-4 flexcol bg-color2 col-padding col-padding-small-xs inverted\"><i  class=\"fa icon fa-cubes white\"><\/i> <h5  class=\"inverted\">STRATEGIE DI BRANDING<\/h5> <p  class=\"\"><span style=\"font-weight: 400;\" >La Brand Strategy pu\u00f2 decretare il successo o il fallimento di un progetto, a prescindere dalla qualit\u00e0 del Business Plan.<\/span><\/p> <\/div> <div  data-type=\"column\" class=\"col-xs-12 col-sm-4 flexcol bg-color6 col-padding col-padding-small-xs inverted\"><i  class=\"fa icon fa-paper-plane color3\"><\/i> <h5  class=\"inverted\">RISOLUZIONE CRISI<\/h5> <p  class=\"\"><span style=\"font-weight: 400;\" >Intervenire e risolvere criticit\u00e0 ed emergenze reputazionali \u00e8 l\u2019intervento a pi\u00f9 elevato valore aziendale degli ultimi 15 anni.<\/span><\/p> <\/div> <\/div><\/div> <\/div><div data-label=\"Content\" data-id=\"content--1\" data-export-id=\"content-17\" data-category=\"content\" class=\"content-17 content-section content-section-spacing content-relative\" id=\"content-1\"  style=\"background-color: rgb(245, 250, 253);\"><div class=\"section-separator-top\" >\n    <svg xmlns=\"http:\/\/www.w3.org\/2000\/svg\" viewBox=\"0 0 2600 131.1\" preserveAspectRatio=\"none\" data-separator-name=\"opacity-tilt\" class=\"section-separator-top\" >\n\t<path class=\"svg-white-bg\" d=\"M0 0L2600 0 2600 69.1 0 0z\" ><\/path>\n\t<path class=\"svg-white-bg\" style=\"opacity: 0.5;\" d=\"M0 0L2600 0 2600 69.1 0 69.1z\" ><\/path>\n\t<path class=\"svg-white-bg\" style=\"opacity: 0.25;\" d=\"M2600 0L0 0 0 130.1 2600 69.1z\" ><\/path>\n<\/svg>\n<\/div><div class=\"gridContainer\" > <div class=\"row middle-sm\" ><div class=\"col-sm-6 space-bottom-xs content-center-sm\" data-type=\"column\" > <h2 class=\"\" >Gli specialisti nella gestione dell&#8217;immagine digitale<\/h2> <p class=\"\"  style=\"text-align: left;\"><span style=\"font-weight: 400;\" >La reputazione online \u00e8 una cosa seria. Il Gruppo Trizio Consulting ha un team internazionale e oltre 15 anni di casi risolti. Esperienza e seriet\u00e0 per garantire risultati eccellenti e duraturi.\n<\/span><br ><br ><span style=\"font-weight: 400;\" >La reputazione online rappresenta oggi uno dei pilastri fondamentali per il successo aziendale.&nbsp;La percezione che il pubblico ha di noi, ha il potere di plasmare profondamente i nostri progetti.<\/span><br ><br ><span style=\"font-weight: 400;\" >\nI pericoli associati a una reputazione compromessa sono tangibili e possono arrecare danni significativi. In questo scenario,&nbsp;si distingue il Gruppo Trizio: la vostra guida affidabile&nbsp;nell\u2019affrontare le intricate sfide legate alla gestione della reputazione online.<\/span><br ><br ><span style=\"font-weight: 400;\" >Il cuore della nostra forza risiede nella vasta e diversificata equipe di professionisti altamente specializzati di Trizio. \n<br ><br >I nostri consulenti provengono da diverse sfere, tra cui avvocati esperti in diritto digitale, giornalisti con profonda conoscenza dei media online, esperti nella rimozione di contenuti dal web, programmatori di talento e consulenti d\u2019immagine selezionati accuratamente.&nbsp;<\/span><br ><\/p> <\/div> <div class=\"col-sm-6 flexbox around-xs top-xs space-top-xs space-bottom-xs first-xs last-sm\" ><div class=\"overlay-box flexbox middle-xs center-xs overlay-holder\" > <div class=\"overlay-box-offset offset-background shadow-medium bg-color2\" ><\/div> <img decoding=\"async\" class=\"flexbox shadow-large img1\" data-size=\"500x500\" src=\"https:\/\/gruppotrizio.it\/wp-content\/uploads\/2025\/01\/cropped-cropped-chess-pieces-on-a-black-background-2023-11-27-05-35-17-utc.jpg\"  title=\"Strategie comunicazione\" alt=\"\"><\/div> <\/div><\/div> <\/div><\/div><div data-label=\"Counters\" data-id=\"counters--1\" data-export-id=\"counters-1\" data-category=\"counters\" class=\"counters-1 content-section content-section-spacing content-relative\" id=\"counters-1\"  style=\"background-color: rgb(255, 255, 255); background-image: none;\" data-section-ov=\"1\"><div class=\"gridContainer\" ><div data-section-title-area=\"true\" class=\"row text-center\" >   <div class=\"section-title-col\" data-type=\"column\" >       <h2 class=\"\" >Expertise<\/h2>       <p class=\"lead\" ><span style=\"font-weight: 400;\" >I nostri risultati derivano da un mix tra esperienza sul campo e Know How ad alta specializzazione<\/span><\/p>   <\/div><\/div>  <div class=\"row spaced-cols\" data-type=\"row\" data-fixed=\"true\" > <div class=\"col-xs-12 col-sm-4 space-bottom-small col-padding-xs\" > <div class=\"circle-counter color1\" > <svg class=\"circle-svg\" viewBox=\"0 0 100 100\" > <circle r=\"48\" stroke-linecap=\"round\" cx=\"50\" cy=\"50\" fill=\"transparent\" stroke-dasharray=\"301.6\" stroke-dashoffset=\"301.6px\" ><\/circle> <circle class=\"circle-bar\" r=\"48\" stroke-linecap=\"round\" cx=\"50\" cy=\"50\" fill=\"transparent\" stroke-dasharray=\"301.6\" stroke-dashoffset=\"301.6px\"  style=\"stroke-dashoffset: 241.274px;\"><\/circle><\/svg> <div class=\"circle-content\" ><h2 class=\"font-100\" data-min=\"0\" data-max=\"100\" data-stop=\"20\" data-prefix=\"\" data-suffix=\"%\" data-countup=\"true\"  data-duration=\"2000\"><\/h2> <p >Analisi legale<\/p><\/div> <\/div><\/div> <div class=\"col-xs-12 col-sm-4 space-bottom-small col-padding-xs\" ><div class=\"circle-counter color2\" > <svg class=\"circle-svg\" viewBox=\"0 0 100 100\" ><circle r=\"48\" stroke-linecap=\"round\" cx=\"50\" cy=\"50\" fill=\"transparent\" stroke-dasharray=\"301.6\" stroke-dashoffset=\"301.6px\" ><\/circle> <circle class=\"circle-bar\" r=\"48\" stroke-linecap=\"round\" cx=\"50\" cy=\"50\" fill=\"transparent\" stroke-dasharray=\"301.6\" stroke-dashoffset=\"301.6px\"  style=\"stroke-dashoffset: 150.796px;\"><\/circle><\/svg> <div class=\"circle-content\" ><h2 class=\"font-100\" data-min=\"0\" data-max=\"100\" data-stop=\"50\" data-prefix=\"\" data-suffix=\"%\" data-countup=\"true\"  data-duration=\"2000\"><\/h2> <p >Capacit\u00e0 negoziali<\/p><\/div> <\/div><\/div> <div class=\"col-xs-12 col-sm-4 space-bottom-small col-padding-xs\" ><div class=\"circle-counter color4\" > <svg class=\"circle-svg\" viewBox=\"0 0 100 100\" ><circle r=\"48\" stroke-linecap=\"round\" cx=\"50\" cy=\"50\" fill=\"transparent\" stroke-dasharray=\"301.6\" stroke-dashoffset=\"301.6px\" ><\/circle> <circle class=\"circle-bar\" r=\"48\" stroke-linecap=\"round\" cx=\"50\" cy=\"50\" fill=\"transparent\" stroke-dasharray=\"301.6\" stroke-dashoffset=\"301.6px\"  style=\"stroke-dashoffset: 211.115px;\"><\/circle><\/svg> <div class=\"circle-content\" ><h2 class=\"font-100\" data-min=\"0\" data-max=\"100\" data-stop=\"30\" data-prefix=\"\" data-suffix=\"%\" data-countup=\"true\"  data-duration=\"2000\"><\/h2> <p >Esperienza tecnica<\/p><\/div> <\/div><\/div> <\/div><\/div> <div class=\"section-separator-bottom\" >\n    <svg xmlns=\"http:\/\/www.w3.org\/2000\/svg\" viewBox=\"0 0 2600 131.1\" preserveAspectRatio=\"none\" data-separator-name=\"opacity-tilt\" class=\"section-separator-top section-separator-bottom\" >\n\t<path class=\"svg-white-bg\" d=\"M0 0L2600 0 2600 69.1 0 0z\" ><\/path>\n\t<path class=\"svg-white-bg\" style=\"opacity: 0.5;\" d=\"M0 0L2600 0 2600 69.1 0 69.1z\" ><\/path>\n\t<path class=\"svg-white-bg\" style=\"opacity: 0.25;\" d=\"M2600 0L0 0 0 130.1 2600 69.1z\" ><\/path>\n<\/svg>\n<\/div><\/div><div data-label=\"Cta\" data-id=\"cta--1\" data-export-id=\"cta-centered-section-grid\" data-category=\"cta\" class=\"cta-centered-section-grid content-section content-section-spacing-medium bg-color1 white-text\" id=\"cta-1\" ><div class=\"gridContainer\" > <div class=\"row text-center\" ><div class=\"col-xs-12 col-sm-10 col-sm-offset-1 col-md-8 col-md-offset-2\" data-type=\"column\" > <h2 class=\"\" >Porta la tua reputazione ad un nuovo livello<\/h2> <p class=\"\" >Scopri come i nostri consulenti possono aiutare il tuo Brand personale o aziendale e gestire e risolvere criticit\u00e0 e riposizionarsi sul mercato<\/p> <a class=\"button big color2\" href=\"https:\/\/gruppotrizio.it\/index.php\/contatti\"  target=\"_self\" data-cp-link=\"1\" data-icon=\"\">CONTATTACI<\/a><\/div> <\/div><\/div> <\/div>","protected":false},"excerpt":{"rendered":"<p>WEB REPUTATION In un mercato fatto di conversazioni, il valore immateriale pi\u00f9 importante per ogni azienda o professionista \u00e8 l\u2019immagine digitale. STRATEGIE DI BRANDING La Brand Strategy pu\u00f2 decretare il successo o il fallimento di un progetto, a prescindere dalla qualit\u00e0 del Business Plan. RISOLUZIONE CRISI Intervenire e risolvere criticit\u00e0 ed emergenze reputazionali \u00e8 l\u2019intervento&hellip; <br \/> <a class=\"read-more\" href=\"https:\/\/gruppotrizio.it\/index.php\/bonifica-reputazionale-online\/\">Leggi tutto<\/a><\/p>\n","protected":false},"author":1,"featured_media":10305,"parent":0,"menu_order":0,"comment_status":"closed","ping_status":"closed","template":"pro\/page-templates\/full-width-page.php","meta":{"footnotes":""},"class_list":["post-10821","page","type-page","status-publish","has-post-thumbnail","hentry"],"aioseo_notices":[],"_links":{"self":[{"href":"https:\/\/gruppotrizio.it\/index.php\/wp-json\/wp\/v2\/pages\/10821","targetHints":{"allow":["GET"]}}],"collection":[{"href":"https:\/\/gruppotrizio.it\/index.php\/wp-json\/wp\/v2\/pages"}],"about":[{"href":"https:\/\/gruppotrizio.it\/index.php\/wp-json\/wp\/v2\/types\/page"}],"author":[{"embeddable":true,"href":"https:\/\/gruppotrizio.it\/index.php\/wp-json\/wp\/v2\/users\/1"}],"replies":[{"embeddable":true,"href":"https:\/\/gruppotrizio.it\/index.php\/wp-json\/wp\/v2\/comments?post=10821"}],"version-history":[{"count":49,"href":"https:\/\/gruppotrizio.it\/index.php\/wp-json\/wp\/v2\/pages\/10821\/revisions"}],"predecessor-version":[{"id":10944,"href":"https:\/\/gruppotrizio.it\/index.php\/wp-json\/wp\/v2\/pages\/10821\/revisions\/10944"}],"wp:featuredmedia":[{"embeddable":true,"href":"https:\/\/gruppotrizio.it\/index.php\/wp-json\/wp\/v2\/media\/10305"}],"wp:attachment":[{"href":"https:\/\/gruppotrizio.it\/index.php\/wp-json\/wp\/v2\/media?parent=10821"}],"curies":[{"name":"wp","href":"https:\/\/api.w.org\/{rel}","templated":true}]}}