{"id":10484,"date":"2025-02-10T09:55:09","date_gmt":"2025-02-10T09:55:09","guid":{"rendered":"https:\/\/gruppotrizio.it\/?page_id=10484"},"modified":"2025-04-17T10:03:09","modified_gmt":"2025-04-17T10:03:09","slug":"fondatrice-brunilde-trizio","status":"publish","type":"page","link":"https:\/\/gruppotrizio.it\/index.php\/fondatrice-brunilde-trizio\/","title":{"rendered":"La fondatrice"},"content":{"rendered":"\n<!DOCTYPE html>\n<html lang=\"it\">\n<head>\n  <meta charset=\"UTF-8\">\n  <title>Brunilde Trizio<\/title>\n  <style>\n    body {\n      margin: 0;\n      font-family: 'Segoe UI', sans-serif;\n      background: #f4f6f8;\n      color: #333;\n      line-height: 1.7;\n      font-size: 18px; \/* aumentato *\/\n    }\n\n    .container {\n      max-width: 900px;\n      margin: 0 auto;\n      padding: 40px 20px;\n      background: #fff;\n    }\n\n    .intro {\n      display: flex;\n      align-items: center;\n      gap: 30px;\n      flex-wrap: wrap;\n      margin-bottom: 40px;\n    }\n\n    .intro img {\n      max-width: 200px;\n      border-radius: 8px;\n      box-shadow: 0 4px 12px rgba(0,0,0,0.1);\n    }\n\n    .intro h1 {\n      font-size: 36px;\n      font-weight: 700;\n      color: #222;\n      margin: 0;\n      border-bottom: 3px solid #ff6600;\n      padding-bottom: 5px;\n    }\n\n    .timeline {\n      position: relative;\n      margin-left: 0;\n      padding-left: 0;\n    }\n\n    .timeline-event {\n      margin-bottom: 40px;\n      position: relative;\n    }\n\n    .timeline-event h3 {\n      margin: 0 0 10px;\n      font-size: 22px; \/* aumentato *\/\n      color: #ff6600;\n    }\n\n    .timeline-event p {\n      margin: 0 0 10px;\n      font-size: 18px; \/* aumentato *\/\n      color: #444;\n    }\n\n    @media (max-width: 768px) {\n      .intro {\n        flex-direction: column;\n        text-align: center;\n      }\n\n      .intro h1 {\n        border-bottom: none;\n        border-left: 4px solid #ff6600;\n        padding-left: 10px;\n        font-size: 30px;\n      }\n    }\n  <\/style>\n<\/head>\n<body>\n\n  <div class=\"container\">\n    <div class=\"intro\">\n      <img decoding=\"async\" src=\"https:\/\/gruppotrizio.it\/wp-content\/uploads\/2025\/02\/tartitot-768x819-1.webp\" alt=\"Brunilde Trizio\">\n      <h1>Brunilde Trizio<\/h1>\n    <\/div>\n\n    <div class=\"timeline\">\n      <div class=\"timeline-event\">\n        <h3>1959<\/h3>\n        <p>\u00c8 la data in cui la fondatrice di Trizio Consulting, Brunilde Trizio, avvia la sua prima azienda. In pieno boom economico, nella citt\u00e0 di Milano, Brunilde propone servizi per le aziende, un settore estremamente innovativo per il tempo.<\/p>\n        <p>La pubblicit\u00e0 esisteva gi\u00e0, ma Brunilde unisce le pi\u00f9 moderne tecniche del marketing americano alle peculiarit\u00e0 comunicative italiane, lanciando soluzioni avveniristiche e facendo strada nel settore.<\/p>\n      <\/div>\n\n      <div class=\"timeline-event\">\n        <h3>1970 \u2013 1980<\/h3>\n        <p>Brunilde \u00e8 ormai titolare di pi\u00f9 aziende, sia sul territorio nazionale sia con un respiro europeo.<\/p>\n        <p>Molto spesso le attivit\u00e0 di consulenza la portano a seguire personalmente clienti prestigiosi: in politica, in televisione e nel mondo industriale. \u00c8 testimone di importanti innovazioni come la crescita e il lancio delle prime televisioni private e poi delle grandi TV commerciali.<\/p>\n      <\/div>\n\n      <div class=\"timeline-event\">\n        <h3>1990\u20132000<\/h3>\n        <p>Brunilde intravede le potenzialit\u00e0 di Internet, un media allora in fase di nascita e ancora riservato a pochi esperti in Italia.<\/p>\n        <p>Dopo alcuni anni, nel \u201998, decide di investire in questo nuovo settore, decidendo di sviluppare i primi siti web aziendali e professionali, in oltre un decennio di attivit\u00e0, migliaia di imprese.<\/p>\n      <\/div>\n\n      <div class=\"timeline-event\">\n        <h3>2000<\/h3>\n        <p>Il business inizia a spostarsi dal settore cartaceo, che rimane con alcune pubblicazioni specialistiche e di pregio, verso il digitale.<\/p>\n        <p>Le aziende di Brunilde forniscono contenuti esclusivi e aiutano i grandi gruppi editoriali a svilupparsi e strutturarsi online.<\/p>\n      <\/div>\n\n      <div class=\"timeline-event\">\n        <h3>2006<\/h3>\n        <p>Mentre l\u2019Italia inizia a muovere i primi passi nei social network, Brunilde \u00e8 gi\u00e0 attiva: prevede lo sviluppo del valore strategico della reputazione online e sviluppa le prime strategie di content marketing, anni prima che il tema diventasse diffuso.<\/p>\n      <\/div>\n\n      <div class=\"timeline-event\">\n        <h3>2013<\/h3>\n        <p>Sempre dall\u2019ispirazione che la contraddistingue, nasce \u201cScripta Manent\u201d, un gruppo editoriale dedicato alla divulgazione storica e culturale. Oggi, i figli Alessandro e Roberto Trizio portano avanti gli insegnamenti e l\u2019etica di Brunilde.<\/p>\n      <\/div>\n    <\/div>\n  <\/div>\n\n<\/body>\n<\/html>\n\n\n\n\n<p><\/p>\n","protected":false},"excerpt":{"rendered":"<p>Brunilde Trizio Brunilde Trizio 1959 \u00c8 la data in cui la fondatrice di Trizio Consulting, Brunilde Trizio, avvia la sua prima azienda. In pieno boom economico, nella citt\u00e0 di Milano, Brunilde propone servizi per le aziende, un settore estremamente innovativo per il tempo. La pubblicit\u00e0 esisteva gi\u00e0, ma Brunilde unisce le pi\u00f9 moderne tecniche del&hellip; <br \/> <a class=\"read-more\" href=\"https:\/\/gruppotrizio.it\/index.php\/fondatrice-brunilde-trizio\/\">Leggi tutto<\/a><\/p>\n","protected":false},"author":1,"featured_media":0,"parent":0,"menu_order":0,"comment_status":"closed","ping_status":"closed","template":"","meta":{"footnotes":""},"class_list":["post-10484","page","type-page","status-publish","hentry"],"aioseo_notices":[],"_links":{"self":[{"href":"https:\/\/gruppotrizio.it\/index.php\/wp-json\/wp\/v2\/pages\/10484","targetHints":{"allow":["GET"]}}],"collection":[{"href":"https:\/\/gruppotrizio.it\/index.php\/wp-json\/wp\/v2\/pages"}],"about":[{"href":"https:\/\/gruppotrizio.it\/index.php\/wp-json\/wp\/v2\/types\/page"}],"author":[{"embeddable":true,"href":"https:\/\/gruppotrizio.it\/index.php\/wp-json\/wp\/v2\/users\/1"}],"replies":[{"embeddable":true,"href":"https:\/\/gruppotrizio.it\/index.php\/wp-json\/wp\/v2\/comments?post=10484"}],"version-history":[{"count":19,"href":"https:\/\/gruppotrizio.it\/index.php\/wp-json\/wp\/v2\/pages\/10484\/revisions"}],"predecessor-version":[{"id":10753,"href":"https:\/\/gruppotrizio.it\/index.php\/wp-json\/wp\/v2\/pages\/10484\/revisions\/10753"}],"wp:attachment":[{"href":"https:\/\/gruppotrizio.it\/index.php\/wp-json\/wp\/v2\/media?parent=10484"}],"curies":[{"name":"wp","href":"https:\/\/api.w.org\/{rel}","templated":true}]}}