{"id":10451,"date":"2025-02-08T14:46:35","date_gmt":"2025-02-08T14:46:35","guid":{"rendered":"https:\/\/gruppotrizio.it\/?page_id=10451"},"modified":"2025-02-08T14:46:36","modified_gmt":"2025-02-08T14:46:36","slug":"accordo-con-gli-utenti-del-sito","status":"publish","type":"page","link":"https:\/\/gruppotrizio.it\/index.php\/accordo-con-gli-utenti-del-sito\/","title":{"rendered":"Accordo con gli utenti del sito"},"content":{"rendered":"\n<p>Benvenuto nella piattaforma di Gruppo Trizio (qui di seguito \u201cSito\u201d o \u201cGruppo Trizio\u201d) di Art Consulting, impresa da sempre impegnata a promuovere servizi di qualit\u00e0 e consulenza di reputazione online e integrata e la realizzazione di siti web mirati.<\/p>\n\n\n\n<p>Con l\u2019accesso a questo Sito e ai suoi contenuti, inclusi la consultazione, il download di informazioni, il posting o il caricamento per upload a questo Sito, come utente registrato o visitatore non registrato, accetti i termini e le condizioni presenti in questo Accordo con gli Utenti del Sito (qui di seguito \u201cAccordo\u201d o \u201cCondizioni\u201d) e nell\u2019Informativa sulla Privacy pubblicata sul Sito (qui di seguito \u201cInformativa sulla Privacy\u201d) e ti impegni al rispetto di tutte le disposizioni normative applicabili in tema di copyright, sicurezza dei dati e delle informazioni, protezione dei dati personali e responsabilit\u00e0 civile e\/o penale.<\/p>\n\n\n\n<p>Se, dopo l\u2019accesso al Sito vorrai usufruire di uno o pi\u00f9 Servizi e divenire Cliente, con l\u2019invio dell\u2019ordine, ove previsto nel Sito, o con l\u2019accettazione dell\u2019offerta commerciale di Art Consulting mediante la sottoscrizione del modulo d\u2019ordine, accetti anche i termini e le condizioni presenti nelle Condizioni generali di fornitura dei servizi pubblicate sul Sito.<\/p>\n\n\n\n<p>Se non accetti i termini e le condizioni del nostro Accordo, ti invitiamo a non utilizzare i nostri Servizi. Il presente Accordo quindi si applica a tutti gli Utenti del Sito, ivi inclusi i Clienti.<\/p>\n\n\n\n<h2 class=\"wp-block-heading\">Come utilizzare il sito Gruppo Trizio<\/h2>\n\n\n\n<p>Il Sito \u00e8 una interfaccia telematica online finalizzata alla offerta di Servizi (qui di seguito \u201cServizi\u201d) da parte di Art Consulting o di altri prestatori di servizi (qui di seguito collettivamente anche \u201cFornitore\u201d). L\u2019utilizzo del Sito comporta il divieto di: \u2013 acquistare Servizi se non hai la capacit\u00e0 di agire e di stipulare contratti legalmente vincolanti o se hai meno di 18 (diciotto) anni; \u2013 evitare di effettuare il pagamento dei Servizi ordinati; \u2013 fornire dati falsi o inesatti (comprese le informazioni personali) ai fini dell\u2019esecuzione dei Servizi; \u2013 copiare, modificare o diffondere il contenuto del Sito o i diritti di propriet\u00e0 intellettuale e i marchi riprodotti nel Sito.<\/p>\n\n\n\n<p>L\u2019Utente dichiara e garantisce che utilizzer\u00e0 il Sito e i suoi Servizi, inclusi gli spazi disponibili per l\u2019inserimento di commenti, esclusivamente per scopi leciti e conformi alla vigente normativa, con la diligenza del buon padre di famiglia e senza che, con la sua condotta, possa ledere qualsivoglia diritto di terzi e\/o di Art Consulting, conformandosi oltre che alle presenti Condizioni, alla cosiddetta netiquette \u2013 ovvero la raccolta di usi e consuetudini che si sono sviluppati nel corso del tempo con riferimento ai principi di buon comportamento tra utenti di servizi telematici.<\/p>\n\n\n\n<p>L\u2019Utente riconosce e accetta che \u00e8 inoltre espressamente vietato diffondere contenuti non consentiti. L\u2019Utente riconosce e accetta che contenuti non consentiti siano, a titolo esemplificativo e non esaustivo, i seguenti: (i) contenuti di natura offensiva, ingiuriosa, diffamatoria, calunniosa, pornografica, volgare, oscena, pedopornografica, blasfema, sessista, omofobica, offese e insulti a carattere etnico, razziale o religioso, esaltazione di atti violenti, motivati da odio, e di comportamenti illeciti o in qualsiasi modo non conformi ai principi dell\u2019ordine pubblico e del buon costume; (ii) contenuti che possano arrecare danno o pregiudizio in qualsiasi modo a minori di et\u00e0; (iii) contenuti che siano protetti dal diritto d\u2019autore senza aver ottenuto l\u2019autorizzazione espressa dei titolari dei diritti di propriet\u00e0 intellettuale; (iv) contenuti che siano passibili di recare molestia, offesa o danno, diretto o indiretto, a chiunque; (v) contenuti che incoraggino i terzi a mettere in atto una condotta illecita e\/o criminosa passibile di responsabilit\u00e0 civile o penale; (vi) contenuti che contengano pubblicit\u00e0, materiale promozionale o qualsiasi altra forma di sollecitazione non richiesta e indesiderata, ricerche di mercato e concorsi a premio e altri materiali che possano dare adito a conseguenze civili o penali.<\/p>\n\n\n\n<p>Se per accedere a questo Sito o parti di esso si effettua un log-in, l\u2019Utente si impegna al termine della sua sessione a usare l\u2019opzione di log-off o log-out per chiudere la sessione. Art Consulting si riserva il diritto di effettuare il \u201clog-off\u201d di quegli Utenti il cui account, una volta effettuato il log-in, \u00e8 rimasto in stand by.<\/p>\n\n\n\n<h2 class=\"wp-block-heading\">Contenuto del sito Gruppo Trizio<\/h2>\n\n\n\n<p>Il Sito \u00e8 una piattaforma creata e gestita da Art Consulting per la promozione e la vendita di Servizi a imprenditori e professionisti che desiderano essere presenti in internet e\/o promuovere in internet la propria impresa o attivit\u00e0 e\/o i propri prodotti. Nel Sito, ciascun Servizio \u00e8 debitamente descritto, nelle caratteristiche e nel prezzo, consentendo agli Utenti la possibilit\u00e0 di conoscerli e richiederli online, ove espressamente previsto, nel rispetto delle vigenti normative. Per Servizi personalizzati e\/o complessi l\u2019Utente pu\u00f2 utilizzare il sito per chiedere di essere contattato per maggiori informazioni e\/o per un preventivo.<\/p>\n\n\n\n<p>Il contratto stipulato tra l\u2019Utente (qui di seguito \u201cCliente\u201d) e Art Consulting \u00e8 disciplinato e interpretato in conformit\u00e0 alla Legge italiana. Art Consulting invita a leggere con attenzione le Condizioni generali di fornitura dei servizi pubblicate nel Sito, a stamparle o comunque a conservarne una copia.<\/p>\n\n\n\n<h2 class=\"wp-block-heading\">Responsabilit\u00e0 e manleva<\/h2>\n\n\n\n<p>Il Sito \u00e8 semplicemente un luogo di comunicazione dei nostri Servizi, offerti da Art Consulting, in qualsiasi momento e con diverse modalit\u00e0, e gli Utenti interessati ai predetti Servizi possono richiedere online maggiori informazioni e\/o un preventivo.<\/p>\n\n\n\n<p>Art Consulting non garantisce l\u2019accesso continuo e ininterrotto al Sito, che pu\u00f2 essere condizionato da fattori al di fuori del proprio controllo.<\/p>\n\n\n\n<p>Nessuna responsabilit\u00e0 pu\u00f2 essere imputata a Art Consulting n\u00e9 per la mancata vendita, qualora i Servizi non fossero pi\u00f9 disponibili, n\u00e9 per i danni che dovessero derivare agli Utenti a causa di eventuali errori e\/o omissioni, indisponibilit\u00e0 o modifica dei Servizi, per qualsiasi controversia direttamente o indirettamente collegata ai contenuti del Sito e per i danni che ne possano derivare. Di conseguenza, nei limiti consentiti dalle leggi vigenti, Art Consulting esclude qualsiasi garanzia esplicita o implicita.<\/p>\n\n\n\n<p>Art Consulting non \u00e8 in alcun modo responsabile delle perdite economiche o dei danni derivanti dall\u2019utilizzo del Sito e\/o dei Servizi tramite il Sito.<\/p>\n\n\n\n<h2 class=\"wp-block-heading\">Privacy<\/h2>\n\n\n\n<p>Per Art Consulting il diritto alla privacy dei propri Utenti \u00e8 molto importante, pertanto, per navigare all\u2019interno del Sito, non sar\u00e0 richiesto alcun dato. Verranno richiesti solo i dati strettamente necessari qualora l\u2019Utente decida di chiedere di essere contattato per maggiori informazioni o per ricevere un preventivo, di perfezionare l\u2019acquisto compilando l\u2019apposito modulo, ove possibile.<\/p>\n\n\n\n<p>I dati personali saranno trattati nel rispetto del Codice in materia di protezione dei dati personali e dell\u2019Informativa sulla Privacy pubblicata su questo Sito. I dati saranno conservati ed elaborati manualmente o elettronicamente in computer che sono protetti da dispositivi di sicurezza fisici e tecnologici. Per una descrizione completa di come Art Consulting utilizza e tutela i dati personali, consulta la nostra Informativa sulla Privacy.<\/p>\n\n\n\n<p>Se sei contrario al trattamento dei tuoi dati personali secondo tali modalit\u00e0, ti informiamo sin d\u2019ora che potremmo non essere in grado di contattarti n\u00e9 di perfezionare l\u2019offerta commerciale o la vendita dei Servizi prescelti. Art Consulting non vende n\u00e9 cede i tuoi dati personali a terzi a scopi di marketing senza il tuo esplicito consenso.<\/p>\n\n\n\n<p>Con l\u2019accettazione delle presenti Condizioni, l\u2019Utente dichiara di avere letto, compreso e accettato l\u2019Informativa sulla Privacy di Art Consulting.<\/p>\n\n\n\n<h2 class=\"wp-block-heading\">Diritti di propriet\u00e0 intellettuale<\/h2>\n\n\n\n<p>Ogni opera e tutto il materiale pubblicato all\u2019interno del Sito, se non diversamente specificato, gode della protezione del diritto d\u2019autore ed \u00e8 da intendersi protetto da copyright.<\/p>\n\n\n\n<p>L\u2019Utente d\u00e0 atto e riconosce che il dominio Gruppo Trizio e i segni distintivi del Gruppo Trizio costituiscono propriet\u00e0 esclusiva di Art Consulting, che ha la sola ed esclusiva titolarit\u00e0 dei relativi diritti di sfruttamento economico. Essi non potranno essere utilizzati in alcun caso, neppure insieme ad altri marchi, loghi o segni distintivi, n\u00e9 accostati a Servizi, n\u00e9 adoperati all\u2019interno di siti internet e\/o indirizzi e-mail in modo tale da generare confusione.<\/p>\n\n\n\n<p>L\u2019Utente d\u00e0 atto e riconosce inoltre di non avere alcun diritto sui software necessari al funzionamento del Sito e alla fornitura dei Servizi. L\u2019Utente non pu\u00f2, n\u00e9 pu\u00f2 consentire che terzi lo facciano, sub-licenziare, noleggiare, vendere, distribuire, mettere in circolazione o a disposizione, trasformare anche solo in parte, decodificare, decompilare, disassemblare, modificare, tradurre i suddetti software, effettuare operazioni di reverse engineering e comunque riprodurre, copiare, usare o disporre di tali software o di loro parti.<\/p>\n\n\n\n<p>Inoltre l\u2019Utente non \u00e8 autorizzato a creare lavori derivati da o in qualsiasi modo tentare di scoprire qualunque codice sorgente, o sviluppare Servizi o applicazioni software basate sui suddetti software o che facciano in qualsiasi modo uso dello stesso.<\/p>\n\n\n\n<h2 class=\"wp-block-heading\">Funzionalit\u00e0 del Sito<\/h2>\n\n\n\n<p>Art Consulting non garantisce la piena e costante funzionalit\u00e0 del Sito, n\u00e9 presta o riconosce garanzie di altro tipo, esplicite o implicite, e non formula alcuna promessa di qualit\u00e0, di buon funzionamento, di idoneit\u00e0 per un fine o un risultato particolare, n\u00e9 la pubblicazione o la permanenza online dei commenti forniti dagli Utenti. Art Consulting potr\u00e0 in qualsiasi momento e senza nessuna necessit\u00e0 di preavviso sospendere e\/o interrompere la fornitura dei Servizi, senza che alcuna responsabilit\u00e0 possa essere addebitata a Art Consulting, ivi compreso il caso in cui la mancata disponibilit\u00e0 dei Servizi sia causata da una interruzione parziale o totale del servizio di accesso fornito dall\u2019operatore di telecomunicazioni.<\/p>\n\n\n\n<p>Art Consulting non risponde di ritardi, cattivo funzionamento, sospensione e\/o interruzione -n\u00e9 verso l\u2019Utente n\u00e9 verso soggetti direttamente o indirettamente connessi all\u2019Utente stesso nell\u2019erogazione dei Servizi del Sito che siano causati, a titolo esemplificativo, da: forza maggiore o caso fortuito; manomissione o interventi illeciti a opera di terzi su servizi o apparecchiature utilizzate da Art Consulting; manomissioni o interventi sugli apparati di connessione, che rientrano nella disponibilit\u00e0 dell\u2019Utente, effettuati da quest\u2019ultimo o da terzi non autorizzati; errata utilizzazione del Sito o dei Servizi da parte dell\u2019Utente; malfunzionamento\/configurazioni errate degli apparati di connessione utilizzati dall\u2019Utente.<\/p>\n\n\n\n<p>L\u2019Utente si impegna infine a non accedere al sito del Gruppo Trizio in nessun altro modo se non tramite l\u2019interfaccia software presente sul Sito e\/o messa a disposizione da Art Consulting. L\u2019Utente riconosce e accetta altres\u00ec che l\u2019acquisizione di qualsiasi tipo di materiale o dati attraverso il Sito avviene sotto la sua piena ed esclusiva responsabilit\u00e0 e che pertanto l\u2019Utente \u00e8 l\u2019unico responsabile di eventuali danni al proprio sistema o perdite di dati causati anche indirettamente dall\u2019utilizzo di Art Consulting.<\/p>\n\n\n\n<h2 class=\"wp-block-heading\">Legge applicabile e foro competente<\/h2>\n\n\n\n<p>Il presente Accordo \u00e8 regolato dalla legge italiana. Per qualsiasi controversia che dovesse insorgere \u00e8 competente in via esclusiva il Foro di Genova.<\/p>\n\n\n\n<h2 class=\"wp-block-heading\">Varie \u2013 Modifica delle condizioni<\/h2>\n\n\n\n<p>Qualora una clausola di questo Accordo risulti essere nulla o inefficace, l\u2019eventuale nullit\u00e0 o inefficacia non si estender\u00e0 alle restanti clausole del presente Accordo. I titoli dei capitoli del presente Accordo hanno un mero scopo indicativo e in nessun modo limitano o descrivono il significato e il contenuto del relativo articolo. Il mancato esercizio di un proprio diritto da parte di Art Consulting non implica in alcun modo rinuncia ad agire per la violazione delle presenti Condizioni.<\/p>\n\n\n\n<p>Art Consulting non garantisce in alcun modo di esercitare i propri diritti ad agire per qualsiasi violazione delle presenti Condizioni. Art Consulting si riserva la possibilit\u00e0 di effettuare, con o senza preventivo avviso, modifiche o miglioramenti ai Servizi, ai contenuti e a ogni altra informazione riferita al Sito, ivi incluse le presenti Condizioni.<\/p>\n\n\n\n<p>Si consiglia quindi di controllare con regolarit\u00e0 il Sito e le presenti Condizioni.<\/p>\n\n\n\n<h2 class=\"wp-block-heading\">Approvazione esplicita delle clausole vessatorie<\/h2>\n\n\n\n<p>Ai sensi e per gli effetti dell\u2019art. 1341 e 1342 del Codice Civile, l\u2019Utente dichiara di aver preso visione e di accettare espressamente le clausole delle presenti Condizioni in materia di \u2018Responsabilit\u00e0 e manleva\u2019, \u2018Diritti di propriet\u00e0 intellettuale\u2019, \u2018Legge applicabile e foro competente\u2019 e \u2018Varie \u2013 Modifica delle Condizioni\u2019.<\/p>\n","protected":false},"excerpt":{"rendered":"<p>Benvenuto nella piattaforma di Gruppo Trizio (qui di seguito \u201cSito\u201d o \u201cGruppo Trizio\u201d) di Art Consulting, impresa da sempre impegnata a promuovere servizi di qualit\u00e0 e consulenza di reputazione online e integrata e la realizzazione di siti web mirati. Con l\u2019accesso a questo Sito e ai suoi contenuti, inclusi la consultazione, il download di informazioni,&hellip; <br \/> <a class=\"read-more\" href=\"https:\/\/gruppotrizio.it\/index.php\/accordo-con-gli-utenti-del-sito\/\">Leggi tutto<\/a><\/p>\n","protected":false},"author":1,"featured_media":0,"parent":0,"menu_order":0,"comment_status":"closed","ping_status":"closed","template":"","meta":{"footnotes":""},"class_list":["post-10451","page","type-page","status-publish","hentry"],"aioseo_notices":[],"_links":{"self":[{"href":"https:\/\/gruppotrizio.it\/index.php\/wp-json\/wp\/v2\/pages\/10451","targetHints":{"allow":["GET"]}}],"collection":[{"href":"https:\/\/gruppotrizio.it\/index.php\/wp-json\/wp\/v2\/pages"}],"about":[{"href":"https:\/\/gruppotrizio.it\/index.php\/wp-json\/wp\/v2\/types\/page"}],"author":[{"embeddable":true,"href":"https:\/\/gruppotrizio.it\/index.php\/wp-json\/wp\/v2\/users\/1"}],"replies":[{"embeddable":true,"href":"https:\/\/gruppotrizio.it\/index.php\/wp-json\/wp\/v2\/comments?post=10451"}],"version-history":[{"count":1,"href":"https:\/\/gruppotrizio.it\/index.php\/wp-json\/wp\/v2\/pages\/10451\/revisions"}],"predecessor-version":[{"id":10452,"href":"https:\/\/gruppotrizio.it\/index.php\/wp-json\/wp\/v2\/pages\/10451\/revisions\/10452"}],"wp:attachment":[{"href":"https:\/\/gruppotrizio.it\/index.php\/wp-json\/wp\/v2\/media?parent=10451"}],"curies":[{"name":"wp","href":"https:\/\/api.w.org\/{rel}","templated":true}]}}