{"id":10243,"date":"2025-01-13T17:16:43","date_gmt":"2025-01-13T17:16:43","guid":{"rendered":"https:\/\/gruppotrizio.it\/index.php\/mesmerize\/"},"modified":"2025-04-09T12:53:29","modified_gmt":"2025-04-09T12:53:29","slug":"mesmerize","status":"publish","type":"page","link":"https:\/\/gruppotrizio.it\/","title":{"rendered":"Gruppo Trizio"},"content":{"rendered":"<div  data-label=\"About\" data-id=\"about--1\" data-export-id=\"about-images-right-section\" data-category=\"about\" class=\"about-images-right-section content-section content-section-spacing\" id=\"about-1\" style=\"background-color: rgb(245, 250, 253);\"><div  class=\"gridContainer\"> <div  class=\"row middle-sm text-center\"><div  class=\"col-sm-5 content-left-sm\" data-type=\"column\"> <h5  class=\"\">SAPER DIRE LE COSE<\/h5> <h2  class=\"\">Strategie<br > <span  style=\"font-family: Playfair Display,sans-serif; font-weight: 700; font-style: italic;\" href=\"#\">di comunicazione<\/span>&nbsp;\n<br >sinergica<\/h2> <p  class=\"\"><span  style=\"font-weight: 600;\">Il Gruppo Trizio \u00e8 specializzato nello sviluppo di approcci comunicativi per Brand, societ\u00e0 Enterprise, Manager e personalit\u00e0 pubbliche.<\/span><\/p> <a  class=\"button color1\" href=\"https:\/\/trizioconsulting.it\" target=\"_self\" data-cp-link=\"1\" data-icon=\"\">PORTALE TRIZIO CONSULTING<\/a><\/div> <div  class=\"col-sm-7 space-bottom-xs\"><div  class=\"image-group-side-3-img\"> <img  decoding=\"async\" class=\"topimg shadow-large\" src=\"https:\/\/gruppotrizio.it\/wp-content\/uploads\/2025\/01\/cropped-a-macro-shot-of-the-chess-pieces-on-the-board-on-d-2024-09-26-19-05-47-utc.jpg\" title=\"cropped-a-macro-shot-of-the-chess-pieces-on-the-board-on-d-2024-09-26-19-05-47-utc.jpg\" alt=\"\"> <img  decoding=\"async\" class=\"rightimg shadow-large\" src=\"https:\/\/gruppotrizio.it\/wp-content\/uploads\/2025\/01\/cropped-chess-pieces-on-a-black-background-2023-11-27-05-35-17-utc-1.jpg\" title=\"Strategie comunicazione\" alt=\"\"> <div  class=\"leftimg\"> <img  decoding=\"async\" class=\"shadow-large\" src=\"https:\/\/gruppotrizio.it\/wp-content\/uploads\/2025\/01\/cropped-macro-photo-of-chess-pieces-on-a-chess-board-2023-11-27-05-09-32-utc-1.jpg\" title=\"cropped-macro-photo-of-chess-pieces-on-a-chess-board-2023-11-27-05-09-32-utc-1.jpg\" alt=\"\"><\/div> <\/div><\/div> <\/div><\/div> <\/div><div  data-label=\"About\" data-id=\"about--3\" data-export-id=\"about-10\" data-category=\"about\" class=\"about-10 content-section content-section-spacing\" id=\"about-3\" style=\"background-color: rgb(245, 250, 253);\"><div  class=\"gridContainer\"> <div  class=\"row middle-sm text-center\"><div  class=\"col-sm-5 space-bottom-xs content-column\" data-type=\"column\"> <h5  class=\"\">AGENZIA LEADER IN ITALIA<\/h5> <h2  class=\"\">Difendiamo la<br > <span  style=\"font-family: Playfair Display,sans-serif; font-weight: 700; font-style: italic;\" href=\"#\">reputazione,<\/span>&nbsp;contro la \n<br >sextorsion<\/h2> <p  class=\"\"><span  style=\"font-weight: 600;\">Siamo i primi nel paese per la difesa dell\u2019immagine digitale contro i ricatti online, furti di identit\u00e0 e violazioni della privacy.<\/span><\/p> <a  class=\"button color1\" href=\"https:\/\/ricattionline.com\" target=\"_self\" data-cp-link=\"1\" data-icon=\"\">PORTALE RICATTI ONLINE<\/a><\/div> <div  class=\"col-sm-7 flexbox middle-xs center-xs space-bottom-xs\"><div  class=\"overlay-box middle-xs center-xs flexbox\"> <div  class=\"overlay-box-offset offset-border shadow-medium border-color1 hide-xs\"><\/div> <img  decoding=\"async\" class=\"shadow-large\" data-size=\"485x705\" src=\"https:\/\/gruppotrizio.it\/wp-content\/uploads\/2025\/01\/cropped-business-analysis-kpi-chart-target-teamwork-pa-2024-10-11-00-17-24-utc-1.jpg\" title=\"cropped-business-analysis-kpi-chart-target-teamwork-pa-2024-10-11-00-17-24-utc-1.jpg\" alt=\"\"><\/div> <\/div><\/div> <\/div><\/div><div  data-label=\"Overlappable\" data-id=\"overlappable--1\" data-export-id=\"overlappable-4\" data-category=\"overlappable\" class=\"overlappable-4 content-section content-section-spacing\" data-overlap=\"true\" id=\"overlappable-1\" style=\"background-color: rgb(255, 255, 255);\"><div  class=\"gridContainer\"> <div  data-type=\"row\" class=\"row spaced-cols text-center\"><div  class=\"col-xs-12 col-sm-4 col-padding\"> <i  class=\"fa icon shadow-large-black aligncenter fa-check reverse round large color1\"><\/i> <div  data-type=\"column\" class=\"\"> <h5  class=\"\">+3000 CASI L\u2019ANNO RISOLTI<\/h5> <p  class=\"\"><span  id=\"_mce_caret\" data-mce-bogus=\"1\" data-mce-type=\"format-caret\"><span  style=\"font-weight: 400;\">\ufeffIl nostro team di sicurezza interviene con successo, aiutando migliaia di vittime all\u2019anno.<\/span><\/span><\/p><\/div> <\/div> <div  class=\"col-xs-12 col-sm-4 col-padding\"> <i  class=\"fa icon fa-cogs large shadow-large-black round aligncenter reverse color1\"><\/i> <div  data-type=\"column\" class=\"\"><h5  class=\"\">PRIMI NEL SETTORE<\/h5> <p  class=\"\"><span  style=\"font-weight: 400;\">Con il nostro supporto 24\/7 siamo il punto di riferimento italiano contro la sextorsion<\/span><\/p><\/div> <\/div> <div  class=\"col-xs-12 col-sm-4 col-padding\"> <i  class=\"fa icon fa-magic large shadow-large-black round aligncenter reverse color1\"><\/i> <div  data-type=\"column\" class=\"\"><h5  class=\"\">SENSIBILIZZAZIONE<\/h5> <p  class=\"\"><span  style=\"font-weight: 400;\">Conduciamo campagne informative contro le truffe online, anche con l\u2019<a  data-mce-href=\"https:\/\/assocarabinieri.it\/img\/cms\/pdf\/editoria\/fiamme_d_argento\/2024\/mag_giu.pdf\" href=\"https:\/\/assocarabinieri.it\/img\/cms\/pdf\/editoria\/fiamme_d_argento\/2024\/mag_giu.pdf\" target=\"_self\" data-mce-selected=\"inline-boundary\" data-cp-link=\"1\" class=\"\">Arma dei Carabinieri<\/a><\/span><\/p><\/div> <\/div><\/div> <\/div><\/div><div  data-label=\"Content\" data-id=\"content--1\" data-export-id=\"content-5\" data-category=\"content\" class=\"content-5 content-section content-section-spacing\" id=\"content-15\" style=\"background-color: rgb(245, 250, 253);\"><div  class=\"gridContainer\"> <div  class=\"row text-center\"><div  class=\"section-title-col\" data-type=\"column\"> <h2  class=\"\">Scripta Manent. \n<br >Il primo brand europeo di divulgazione storica<\/h2> <p  class=\"lead\"><span  style=\"font-weight: 600;\">Motivo di vanto del Gruppo Trizio \u00e8 Scripta Manent. Una realt\u00e0 divulgativa leader nel suo settore con 500.000 iscritti e 70mln di views\/anno.<\/span><\/p><a  class=\"button color1\" href=\"https:\/\/www.youtube.com\/@RobertoTrizio\" target=\"_self\" data-cp-link=\"1\" data-icon=\"\">VAI AL CANALE<\/a><\/div> <\/div> <div  class=\"row middle-sm\"> <div  class=\"col-sm-6 space-bottom-xs\"> <div  class=\"row space-bottom content-holder\" data-type=\"column\"> <h3  class=\"color2\">UN SUCCESSO EDITORIALE<\/h3> <p  class=\"\"><span  style=\"font-weight: 600;\">Scripta Manent ha raggiunto la leadership incontrastata nell\u2019ambito della divulgazione culturale<\/span><\/p><\/div> <div  class=\"row space-bottom\" data-type=\"row\"><div  class=\"col-sm-6 space-bottom\"> <i  class=\"fa icon medium fa-youtube large color1\"><\/i> <h5  class=\"\">70 MLN VIEWS\/ANNUE<\/h5> <p  class=\"\"><span  style=\"font-weight: 600;\">Il canale YouTube di Scripta Manent conta oltre 350mila iscritti e 70 mln\/views annue.<\/span><span  id=\"_mce_caret\" data-mce-bogus=\"1\" data-mce-type=\"format-caret\"><span  style=\"font-weight: 400;\">\ufeff<\/span><\/span><\/p><\/div> <div  class=\"col-sm-6\"><i  class=\"fa icon medium fa-facebook-official large color1\"><\/i> <h5  class=\"\">150MILA ISCRITTI FB<\/h5> <p  class=\"\"><span  style=\"font-weight: 600;\">150mila persone, ogni mese, seguono i contenuti di Scripta Manent su Facebook.<\/span><\/p><\/div> <div  class=\"col-sm-6 space-bottom\"><i  class=\"fa icon medium fa-angle-down large color1\"><\/i> <h5  class=\"\">15MILA LETTORI\/GIORNO<\/h5> <p  class=\"\"><span  style=\"font-weight: 600;\">Il magazine storico di Scripta Manent ospita, ogni giorno, 15mila lettori ipertarghettizzati<\/span><\/p><\/div> <div  class=\"col-sm-6\"><i  class=\"fa icon medium fa-instagram large color1\"><\/i> <h5  class=\"\">15MILA ISCRITTI SU IG<\/h5> <p  class=\"\"><span  style=\"font-weight: 600;\">Unici nel panorama web, divulghiamo cultura ai pi\u00f9 giovani con 15mila follower su Instagram.<\/span><\/p><\/div> <\/div><\/div> <div  class=\"col-sm-6 flexbox around-xs top-xs space-bottom-xs\"><div  class=\"overlay-box flexbox middle-xs center-xs overlay-holder\"> <div  class=\"overlay-box-offset offset-background shadow-medium bg-color2 hide-xs\"><\/div> <img  decoding=\"async\" class=\"flexbox shadow-large img1\" data-size=\"485x632\" src=\"https:\/\/gruppotrizio.it\/wp-content\/uploads\/2025\/02\/premo-home.webp\" title=\"premo-home\" alt=\"\"><\/div> <\/div><\/div> <\/div><\/div><div  data-label=\"Counters\" data-id=\"counters--1\" data-export-id=\"counters-2\" data-category=\"counters\" class=\"counters-2 content-section content-section-spacing\" id=\"counters-3\" style=\"background-color: rgb(245, 250, 253);\"><div  class=\"gridContainer\"> <div  class=\"row text-center\"><div  class=\"section-title-col\" data-type=\"column\"> <h2  class=\"\">L\u2019engagement di Scripta Manent<\/h2> <p  class=\"lead\"><span  style=\"font-weight: 400;\">Il nostro brand divulgativo \u00e8 il primo per numeri assoluti e per livello di partecipazione del pubblico<\/span><\/p><\/div> <\/div> <div  class=\"row\" data-type=\"row\"> <div  class=\"col-xs-12 col-sm-4 text-center space-bottom\"> <i  class=\"fa fa-envira icon color1\"><\/i> <h3  class=\"font-400\" data-min=\"0\" data-max=\"2500000\" data-duration=\"2000\" data-prefix=\"\" data-suffix=\"+\" data-countup=\"true\" style=\"display: inline-block;\"><\/h3> <h5  class=\"upper color2\">like annuali ai nostri contenuti<\/h5><\/div> <div  class=\"col-xs-12 col-sm-4 text-center space-bottom\"><i  class=\"fa fa-smile-o icon color1\"><\/i> <h3  class=\"font-400\" data-min=\"0\" data-max=\"50000\" data-duration=\"2000\" data-prefix=\"\" data-suffix=\"+\" data-countup=\"true\" style=\"display: inline-block;\"><\/h3> <h5  class=\"upper color2\">nuovi iscritti all\u2019anno<\/h5><\/div> <div  class=\"col-xs-12 col-sm-4 text-center space-bottom\"><i  class=\"fa fa-trophy icon color1\"><\/i> <h3  class=\"font-400\" data-min=\"0\" data-max=\"27000\" data-duration=\"2000\" data-prefix=\"\" data-suffix=\"+\" data-countup=\"true\" style=\"display: inline-block;\"><\/h3> <h5  class=\"upper color2\">commenti\/anno dei nostri utenti<\/h5><\/div> <\/div><\/div> <\/div><div  data-label=\"About\" data-id=\"about--4\" data-export-id=\"about-images-right-section-mc\" data-category=\"about\" class=\"about-images-right-section content-section content-section-spacing\" id=\"about-4\" style=\"background-color: rgb(255, 255, 255);\"><div  class=\"gridContainer\"> <div  class=\"row middle-sm text-center\"><div  class=\"col-sm-5 content-left-sm\" data-type=\"column\"> <h5  class=\"\">DIVULGARE CON ARTE<\/h5> <h2  class=\"\">Trizio Editore,<br ><font  face=\"Playfair Display, sans-serif\"><b ><i >dove l\u2019arte<\/i><\/b><\/font> incontra la storia<\/h2> <p  class=\"\"><span  style=\"font-weight: 600;\">Trizio Editore \u00e8 la prima piattaforma italiana nelle riproduzioni d\u2019arte dedicate alla storia e alla cultura.<\/span><\/p> <a  class=\"button color1\" href=\"https:\/\/trizioeditore.it\" target=\"_self\" data-cp-link=\"1\" data-icon=\"\">PORTALE TRIZIO EDITORE<\/a><\/div> <div  class=\"col-sm-7 space-bottom-xs\"><div  class=\"image-group-side-3-img\"> <img  decoding=\"async\" class=\"topimg shadow-large\" src=\"https:\/\/gruppotrizio.it\/wp-content\/uploads\/2025\/02\/artigiano.webp\" title=\"artigiano\" alt=\"\"> <img  decoding=\"async\" class=\"rightimg shadow-large\" src=\"https:\/\/gruppotrizio.it\/wp-content\/uploads\/2025\/01\/cropped-female-artist-hand-applies-small-brushstrokes-of-p-2024-07-31-18-44-18-utc-scaled-2.jpg\" title=\"cropped-female-artist-hand-applies-small-brushstrokes-of-p-2024-07-31-18-44-18-utc-scaled-2.jpg\" alt=\"\"> <div  class=\"leftimg\"> <img  decoding=\"async\" class=\"shadow-large\" src=\"https:\/\/gruppotrizio.it\/wp-content\/uploads\/2025\/01\/cropped-cropped-Affresco-romano-Villa-dei-Misteri-Pompei-cornice_0ef87aa5-db3f-4be0-be1d-38f562f36ea2.webp\" title=\"cropped-cropped-Affresco-romano-Villa-dei-Misteri-Pompei-cornice_0ef87aa5-db3f-4be0-be1d-38f562f36ea2.webp\" alt=\"\"><\/div> <\/div><\/div> <\/div><\/div> <\/div><div  data-label=\"Features\" data-id=\"features--1\" data-export-id=\"features-16-card-bordered-colored\" data-category=\"features\" class=\"features-16-card-bordered-colored content-section content-section-spacing\" id=\"features-1\" style=\"background-color: rgb(245, 250, 253);\"><div  class=\"gridContainer\"> <div  class=\"row text-center\"><div  class=\"section-title-col\" data-type=\"column\">  <\/div> <\/div> <div  class=\"row spaced-cols\" data-type=\"row\"> <div  class=\"col-xs-12 col-sm-6 col-md-4\"> <div  class=\"card no-padding bottom-border-color1\"> <img  decoding=\"async\" class=\"face\" src=\"https:\/\/gruppotrizio.it\/wp-content\/uploads\/2025\/01\/cropped-Snapshot_27.png\" title=\"cropped-Snapshot_27.png\" alt=\"\"> <div  data-type=\"column\" class=\"col-padding-small col-padding-small-xs description-container\"> <h4  class=\"font-500 color1\">VALORIZZARE LA CREATIVITA\u2019<\/h4> <p  class=\"\"><span  style=\"font-weight: 400;\">Trizio Editore d\u00e0 l\u2019opportunit\u00e0 a giovani Art Director, archeologi e Visual Designer di realizzare il proprio percorso artistico e professionale.<\/span><\/p><\/div> <div  data-type=\"column\" class=\"col-padding-small col-padding-small-xs read-more-container\"><\/div> <\/div><\/div> <div  class=\"col-xs-12 col-sm-6 col-md-4\"><div  class=\"card no-padding bottom-border-color1\"> <img  decoding=\"async\" class=\"face\" src=\"https:\/\/gruppotrizio.it\/wp-content\/uploads\/2025\/01\/cropped-Snapshot_28.png\" title=\"cropped-Snapshot_28.png\" alt=\"\"> <div  data-type=\"column\" class=\"col-padding-small col-padding-small-xs description-container\"> <h4  class=\"font-500 color1\">VALORIZZARE L\u2019ARTIGIANATO<\/h4> <p  class=\"\"><span  style=\"font-weight: 400;\">Ogni opera \u00e8 realizzata a mano, dando lavoro a botteghe artigiane e promuovendo lo sviluppo della microeconomia locale.<\/span><span  id=\"_mce_caret\" data-mce-bogus=\"1\" data-mce-type=\"format-caret\"><span  style=\"font-weight: 400;\">\ufeff<\/span><\/span><\/p><\/div> <div  data-type=\"column\" class=\"col-padding-small col-padding-small-xs read-more-container\"><\/div> <\/div><\/div> <div  class=\"col-xs-12 col-sm-6 col-md-4\"><div  class=\"card no-padding bottom-border-color1\"> <img  decoding=\"async\" class=\"face\" src=\"https:\/\/gruppotrizio.it\/wp-content\/uploads\/2025\/01\/mosaic-of-the-house-of-the-planetarium-in-italica-2025-01-20-18-19-27-utc.jpg\" title=\"\" alt=\"\"> <div  data-type=\"column\" class=\"col-padding-small col-padding-small-xs description-container\"> <h4  class=\"font-500 color1\">VALORIZZARE LA CULTURA<\/h4> <p  class=\"\"><span  style=\"font-weight: 400;\">Ogni collezione di Trizio Editore \u00e8 concepita in un contesto di promozione del patrimonio storico-archeologico italiano nel mondo.<\/span><\/p><\/div> <div  data-type=\"column\" class=\"col-padding-small col-padding-small-xs read-more-container\"><\/div> <\/div><\/div> <\/div><\/div> <\/div><div  data-label=\"About\" data-id=\"about--6\" data-export-id=\"about-1\" data-category=\"about\" class=\"about-1 content-section\" id=\"about-6\" style=\"background-color: rgb(245, 250, 253);\"><div  class=\"gridContainer\"> <div  class=\"row text-center\"><div  class=\"section-title-col\" data-type=\"column\"> <h5  class=\"\">COMUNICARE TEMI ETICI<\/h5> <h2  class=\"\">EYWA.&nbsp;<span  href=\"#\" style=\"font-weight: 700; font-family: Playfair Display,sans-serif; font-style: italic;\">La divulgazione<\/span>&nbsp;responsabile<\/h2> <p  class=\"lead\">Approfondimenti di su temi sociali ed etici. Eywa \u00e8 il nuovo progetto del Gruppo Trizio per aiutare le persone a comprendere le dinamiche dell\u2019attualit\u00e0<\/p><\/div> <\/div> <div  class=\"row\"> <div  class=\"button-holder space-bottom space-bottom-small\" data-type=\"column\"> <a  class=\"button color1\" href=\"https:\/\/www.eywadivulgazione.it\" target=\"_self\" data-cp-link=\"1\" data-icon=\"\">EYWA DIVULGAZIONE<\/a><\/div> <div  class=\"col-xs bottom-xs flexbox image-group-bottom-3-img space-bottom-xs center-xs\"> <img decoding=\"async\"  class=\"left-img shadow-large-black\" data-size=\"500x300\" src=\"https:\/\/gruppotrizio.it\/wp-content\/uploads\/2025\/04\/cropped-cropped-bioplastiche.jpg\" title=\"cropped-cropped-bioplastiche.jpg\" alt=\"\"> <img decoding=\"async\"  class=\"center-img shadow-large-black\" data-size=\"500x300\" src=\"https:\/\/gruppotrizio.it\/wp-content\/uploads\/2025\/04\/cropped-Carne1-1024x576-1.webp\" title=\"Carne1-1024x576\" alt=\"\"> <img decoding=\"async\"  class=\"right-img shadow-large-black\" data-size=\"500x300\" src=\"https:\/\/gruppotrizio.it\/wp-content\/uploads\/2025\/04\/cropped-fossili-1024x512-1.jpg\" title=\"fossili-1024x512\" alt=\"\"><\/div> <\/div><\/div> <\/div><div  data-label=\"About\" data-id=\"about--5\" data-export-id=\"about-5\" data-category=\"about\" class=\"about-5 content-section content-section-spacing\" id=\"about-5\" style=\"background-color: rgb(255, 255, 255);\"><div  class=\"gridContainer\"> <div  class=\"row middle-sm text-center\"><div  class=\"col-sm-6 space-bottom-xs\" data-type=\"column\"> <h5  class=\"\">LE NOSTRE SEDI<\/h5> <h2  class=\"\"><span  style=\"font-family: Playfair Display,sans-serif; font-weight: 700; font-style: italic;\" href=\"#\">Vieni a<\/span>&nbsp;trovarci<\/h2> <p  class=\"\"><span  style=\"font-weight: 600;\">Hai un progetto, un\u2019idea innovativa o vuoi far parte del nostro Gruppo?&nbsp;\n<\/span><br ><span  style=\"font-weight: 600;\">Raggiungici nella nostra sede di Roma, presso Palazzo del Tritone, o a Genova, al Grattacielo Lambruschini<\/span><\/p> <a  class=\"button color1\" href=\"https:\/\/gruppotrizio.it\/index.php\/contatti\" target=\"_self\" data-cp-link=\"1\" data-icon=\"\">FISSA UN APPUNTAMENTO<\/a><\/div> <div  class=\"col-sm-6 flexbox image-group-right-2 around-xs top-xs space-bottom-xs\"><div  class=\"left-el\"> <img  decoding=\"async\" class=\"shadow-large\" data-size=\"300x430\" src=\"https:\/\/gruppotrizio.it\/wp-content\/uploads\/2025\/02\/cropped-via-del-tritone-132_.jpg\" title=\"via-del-tritone-132_\" alt=\"\"><\/div> <div  class=\"right-el\"> <img  decoding=\"async\" class=\"shadow-large\" data-size=\"300x430\" src=\"https:\/\/gruppotrizio.it\/wp-content\/uploads\/2025\/02\/cropped-841293324_0.jpeg\" title=\"cropped-841293324_0.jpeg\" alt=\"\"><\/div> <div  class=\"center-overlay inner-shadow border-large\"><\/div><\/div> <\/div><\/div> <\/div>","protected":false},"excerpt":{"rendered":"<p>SAPER DIRE LE COSE Strategie di comunicazione&nbsp; sinergica Il Gruppo Trizio \u00e8 specializzato nello sviluppo di approcci comunicativi per Brand, societ\u00e0 Enterprise, Manager e personalit\u00e0 pubbliche. PORTALE TRIZIO CONSULTING AGENZIA LEADER IN ITALIA Difendiamo la reputazione,&nbsp;contro la sextorsion Siamo i primi nel paese per la difesa dell\u2019immagine digitale contro i ricatti online, furti di identit\u00e0&hellip; <br \/> <a class=\"read-more\" href=\"https:\/\/gruppotrizio.it\/\">Leggi tutto<\/a><\/p>\n","protected":false},"author":1,"featured_media":0,"parent":0,"menu_order":0,"comment_status":"closed","ping_status":"closed","template":"page-templates\/homepage.php","meta":{"footnotes":""},"class_list":["post-10243","page","type-page","status-publish","hentry"],"aioseo_notices":[],"_links":{"self":[{"href":"https:\/\/gruppotrizio.it\/index.php\/wp-json\/wp\/v2\/pages\/10243","targetHints":{"allow":["GET"]}}],"collection":[{"href":"https:\/\/gruppotrizio.it\/index.php\/wp-json\/wp\/v2\/pages"}],"about":[{"href":"https:\/\/gruppotrizio.it\/index.php\/wp-json\/wp\/v2\/types\/page"}],"author":[{"embeddable":true,"href":"https:\/\/gruppotrizio.it\/index.php\/wp-json\/wp\/v2\/users\/1"}],"replies":[{"embeddable":true,"href":"https:\/\/gruppotrizio.it\/index.php\/wp-json\/wp\/v2\/comments?post=10243"}],"version-history":[{"count":53,"href":"https:\/\/gruppotrizio.it\/index.php\/wp-json\/wp\/v2\/pages\/10243\/revisions"}],"predecessor-version":[{"id":10663,"href":"https:\/\/gruppotrizio.it\/index.php\/wp-json\/wp\/v2\/pages\/10243\/revisions\/10663"}],"wp:attachment":[{"href":"https:\/\/gruppotrizio.it\/index.php\/wp-json\/wp\/v2\/media?parent=10243"}],"curies":[{"name":"wp","href":"https:\/\/api.w.org\/{rel}","templated":true}]}}